{"id":6713,"date":"2022-01-24T19:40:30","date_gmt":"2022-01-24T19:40:30","guid":{"rendered":"https:\/\/asbuzu.com\/tr\/?page_id=6713"},"modified":"2022-02-01T17:13:06","modified_gmt":"2022-02-01T17:13:06","slug":"basinda-biz","status":"publish","type":"page","link":"https:\/\/asbuzu.com\/tr\/basinda-biz\/","title":{"rendered":"BASINDA B\u0130Z"},"content":{"rendered":"\n<figure class=\"wp-block-embed is-type-video is-provider-youtube wp-block-embed-youtube wp-embed-aspect-16-9 wp-has-aspect-ratio\"><div class=\"wp-block-embed__wrapper\">\n<iframe loading=\"lazy\" title=\"Asbuzu   \u015eehnaz \u00d6zkaya \u0130le Show Life 13 B\u00f6l\u00fcm\" width=\"950\" height=\"534\" src=\"https:\/\/www.youtube.com\/embed\/im4pwNrk8u0?feature=oembed\" frameborder=\"0\" allow=\"accelerometer; autoplay; clipboard-write; encrypted-media; gyroscope; picture-in-picture\" allowfullscreen><\/iframe>\n<\/div><\/figure>\n\n\n\n<figure class=\"wp-block-embed is-type-video is-provider-youtube wp-block-embed-youtube wp-embed-aspect-16-9 wp-has-aspect-ratio\"><div class=\"wp-block-embed__wrapper\">\n<iframe loading=\"lazy\" title=\"\u0130PEK \u00c7EL\u0130K \u0130LE ADIM ADIM ADA (ASBUZU T\u0130C. \u015eT\u0130. LTD.)\" width=\"950\" height=\"534\" src=\"https:\/\/www.youtube.com\/embed\/Ql2jPUqpfvs?feature=oembed\" frameborder=\"0\" allow=\"accelerometer; autoplay; clipboard-write; encrypted-media; gyroscope; picture-in-picture\" allowfullscreen><\/iframe>\n<\/div><\/figure>\n\n\n\n<figure class=\"wp-block-embed is-type-video is-provider-youtube wp-block-embed-youtube wp-embed-aspect-16-9 wp-has-aspect-ratio\"><div class=\"wp-block-embed__wrapper\">\n<iframe loading=\"lazy\" title=\"asbuzu reklam 22\" width=\"950\" height=\"534\" src=\"https:\/\/www.youtube.com\/embed\/NU56mkLmmtI?feature=oembed\" frameborder=\"0\" allow=\"accelerometer; autoplay; clipboard-write; encrypted-media; gyroscope; picture-in-picture\" allowfullscreen><\/iframe>\n<\/div><\/figure>\n\n\n\n<figure class=\"wp-block-embed is-type-video is-provider-youtube wp-block-embed-youtube wp-embed-aspect-16-9 wp-has-aspect-ratio\"><div class=\"wp-block-embed__wrapper\">\n<iframe loading=\"lazy\" title=\"ASBUZU HURDACILIK &amp; MADENC\u0130L\u0130K \u015e\u0130RKET\u0130 TANITIM F\u0130LM\u0130\" width=\"950\" height=\"534\" src=\"https:\/\/www.youtube.com\/embed\/52w8uB5Oxg8?feature=oembed\" frameborder=\"0\" allow=\"accelerometer; autoplay; clipboard-write; encrypted-media; gyroscope; picture-in-picture\" allowfullscreen><\/iframe>\n<\/div><\/figure>\n\n\n\n<figure class=\"wp-block-video\"><video controls src=\"https:\/\/asbuzu.com\/tr\/wp-content\/uploads\/2022\/01\/WhatsApp-Video-2022-01-25-at-14.55.38.mp4\"><\/video><\/figure>\n\n\n\n<figure class=\"wp-block-embed is-type-video is-provider-youtube wp-block-embed-youtube wp-embed-aspect-16-9 wp-has-aspect-ratio\"><div class=\"wp-block-embed__wrapper\">\n<iframe loading=\"lazy\" title=\"ASBUZU HURDACILIK\" width=\"950\" height=\"534\" src=\"https:\/\/www.youtube.com\/embed\/LOBE3CKdf78?feature=oembed\" frameborder=\"0\" allow=\"accelerometer; autoplay; clipboard-write; encrypted-media; gyroscope; picture-in-picture\" allowfullscreen><\/iframe>\n<\/div><\/figure>\n","protected":false},"excerpt":{"rendered":"","protected":false},"author":1,"featured_media":0,"parent":0,"menu_order":0,"comment_status":"closed","ping_status":"closed","template":"","meta":{"footnotes":""},"class_list":["post-6713","page","type-page","status-publish","hentry"],"_links":{"self":[{"href":"https:\/\/asbuzu.com\/tr\/wp-json\/wp\/v2\/pages\/6713"}],"collection":[{"href":"https:\/\/asbuzu.com\/tr\/wp-json\/wp\/v2\/pages"}],"about":[{"href":"https:\/\/asbuzu.com\/tr\/wp-json\/wp\/v2\/types\/page"}],"author":[{"embeddable":true,"href":"https:\/\/asbuzu.com\/tr\/wp-json\/wp\/v2\/users\/1"}],"replies":[{"embeddable":true,"href":"https:\/\/asbuzu.com\/tr\/wp-json\/wp\/v2\/comments?post=6713"}],"version-history":[{"count":7,"href":"https:\/\/asbuzu.com\/tr\/wp-json\/wp\/v2\/pages\/6713\/revisions"}],"predecessor-version":[{"id":7089,"href":"https:\/\/asbuzu.com\/tr\/wp-json\/wp\/v2\/pages\/6713\/revisions\/7089"}],"wp:attachment":[{"href":"https:\/\/asbuzu.com\/tr\/wp-json\/wp\/v2\/media?parent=6713"}],"curies":[{"name":"wp","href":"https:\/\/api.w.org\/{rel}","templated":true}]}}