{"id":6704,"date":"2022-01-24T19:39:37","date_gmt":"2022-01-24T19:39:37","guid":{"rendered":"https:\/\/asbuzu.com\/tr\/?page_id=6704"},"modified":"2022-01-25T12:36:07","modified_gmt":"2022-01-25T12:36:07","slug":"misyonumuz","status":"publish","type":"page","link":"https:\/\/asbuzu.com\/tr\/misyonumuz\/","title":{"rendered":"M\u0130SYONUMUZ"},"content":{"rendered":"\n<p>      M\u00fc\u015fterilerimizin taleplerini; y\u00fcr\u00fcrl\u00fckte bulunan \u00e7evre ile ilgili t\u00fcm kanun y\u00f6netmelikle uygun,\u00a0zaman ve kaynaklar\u0131 do\u011fru, yerinde ve etkin kullanarak, m\u00fc\u015fterilerimizi\u00a0do\u011fru bilgilendirerek ve\u00a0haklar\u0131n\u0131 kendi hakk\u0131m\u0131z gibi koruyarak ve\u00a0 d\u00fcr\u00fcstl\u00fck i\u00e7erisinde\u00a0ilkelerini \u00f6n planda tutarak,\u00a0en uygun fiyat ve en y\u00fcksek kalitede hizmet anlay\u0131\u015f\u0131 ile, bir kereli\u011fine de\u011fil kal\u0131c\u0131 bir \u015fekilde kar\u015f\u0131lamak.\u00a0\u00a0\u00a0\u00a0<\/p>\n","protected":false},"excerpt":{"rendered":"<p>M\u00fc\u015fterilerimizin taleplerini; y\u00fcr\u00fcrl\u00fckte bulunan \u00e7evre ile ilgili t\u00fcm kanun y\u00f6netmelikle uygun,\u00a0zaman ve kaynaklar\u0131 do\u011fru, yerinde ve etkin kullanarak, m\u00fc\u015fterilerimizi\u00a0do\u011fru bilgilendirerek ve\u00a0haklar\u0131n\u0131 kendi hakk\u0131m\u0131z gibi koruyarak ve\u00a0 d\u00fcr\u00fcstl\u00fck i\u00e7erisinde\u00a0ilkelerini \u00f6n planda tutarak,\u00a0en uygun fiyat ve en y\u00fcksek kalitede hizmet anlay\u0131\u015f\u0131 ile, bir kereli\u011fine de\u011fil kal\u0131c\u0131 bir \u015fekilde kar\u015f\u0131lamak.\u00a0\u00a0\u00a0\u00a0<\/p>\n","protected":false},"author":1,"featured_media":0,"parent":0,"menu_order":0,"comment_status":"closed","ping_status":"closed","template":"","meta":{"footnotes":""},"class_list":["post-6704","page","type-page","status-publish","hentry"],"_links":{"self":[{"href":"https:\/\/asbuzu.com\/tr\/wp-json\/wp\/v2\/pages\/6704"}],"collection":[{"href":"https:\/\/asbuzu.com\/tr\/wp-json\/wp\/v2\/pages"}],"about":[{"href":"https:\/\/asbuzu.com\/tr\/wp-json\/wp\/v2\/types\/page"}],"author":[{"embeddable":true,"href":"https:\/\/asbuzu.com\/tr\/wp-json\/wp\/v2\/users\/1"}],"replies":[{"embeddable":true,"href":"https:\/\/asbuzu.com\/tr\/wp-json\/wp\/v2\/comments?post=6704"}],"version-history":[{"count":3,"href":"https:\/\/asbuzu.com\/tr\/wp-json\/wp\/v2\/pages\/6704\/revisions"}],"predecessor-version":[{"id":6779,"href":"https:\/\/asbuzu.com\/tr\/wp-json\/wp\/v2\/pages\/6704\/revisions\/6779"}],"wp:attachment":[{"href":"https:\/\/asbuzu.com\/tr\/wp-json\/wp\/v2\/media?parent=6704"}],"curies":[{"name":"wp","href":"https:\/\/api.w.org\/{rel}","templated":true}]}}