{"id":38,"date":"2015-12-17T05:32:29","date_gmt":"2015-12-17T05:32:29","guid":{"rendered":"http:\/\/demo.massivedynamic.co\/architecture\/?page_id=38"},"modified":"2022-01-31T09:01:02","modified_gmt":"2022-01-31T09:01:02","slug":"about","status":"publish","type":"page","link":"https:\/\/asbuzu.com\/tr\/about\/","title":{"rendered":"HAKKIMIZDA"},"content":{"rendered":"\n<div class=\"wp-block-image\"><figure class=\"alignleft is-resized\"><img loading=\"lazy\" decoding=\"async\" src=\"https:\/\/asbuzu.com\/tr\/wp-content\/uploads\/2022\/01\/ABBAS-BEY.jpeg\" alt=\"Bu g\u00f6rsel bo\u015f bir alt niteli\u011fe sahip; dosya ad\u0131 ABBAS-BEY.jpeg\" width=\"272\" height=\"588\"\/><\/figure><\/div>\n\n\n\n<p>     ASBUZU T\u0130C. \u015eT\u0130. LTD. geri d\u00f6n\u00fc\u015ft\u00fcr\u00fclebilir metal ve metal d\u0131\u015f\u0131 bir \u00e7ok \u00fcr\u00fcn\u00fc K.K.T.C. ve d\u00fcnya pazar\u0131ndaki geri d\u00f6n\u00fc\u015f\u00fcm\u00fc sa\u011flamak \u00fczere ilk kurucusu ABBAS Altunta\u015f taraf\u0131ndan 01.01.2005 y\u0131l\u0131nda kurulmu\u015ftur. Daha sonra Y\u0131ld\u0131ray ALTUNTA\u015e, \u00dczeyir ALTUNTA\u015e, \u0130lker ALTUNTA\u015e ve Ayhan ALTUNTA\u015e karde\u015fler taraf\u0131ndan Aile \u015firketi olarak faaliyete ge\u00e7en ASBUZU T\u0130C. \u015eT\u0130. LTD. K.K.T.C.&#8217;de Haspolat San. B\u00f6l. No:5 LEFKO\u015eA merkez binas\u0131 ve MA\u011eUSA Serbest Liman \u015fubesi ile hizmet vermeye ba\u015flad\u0131.<\/p>\n\n\n\n<p><br>     Profesyonel kadroya ve teknolojik alt yap\u0131ya gereken duyarl\u0131l\u0131\u011f\u0131 g\u00f6stererek sadece \u00e7evreye de\u011fil, \u00fclke ekonomisine de katk\u0131da bulunarak b\u00fcy\u00fcd\u00fc ve b\u00fcy\u00fcmeye devam ediyor. Asbuzu Gruplar olarak kapasitesini artt\u0131rmak en \u00f6nemli amac\u0131d\u0131r. <\/p>\n\n\n\n<p>     ASBUZU T\u0130C. \u015eT\u0130. LTD. \u0130hracat Hizmetleri; K.K.T.C.&#8217; Lefko\u015fa da faaliyet g\u00f6stermektedir ve geri d\u00f6n\u00fc\u015f\u00fcml\u00fc malzemelerden bir k\u0131sm\u0131n\u0131 Ma\u011fusa Liman\u0131&#8217;ndan yurtd\u0131\u015f\u0131na ihra\u00e7 etmektedir.<\/p>\n\n\n\n<p>        ASBUZU T\u0130C. \u015eT\u0130. LTD.; t\u00fcketimi g\u00fcn ge\u00e7tik\u00e7e artan geri d\u00f6n\u00fc\u015f\u00fcml\u00fc maddelerin toplanmas\u0131 ve \u00e7evrenin korunmas\u0131 ilkesi ile do\u011fadaki geri d\u00f6n\u00fc\u015f\u00fcm zincirinin en \u00f6nemli halkalar\u0131ndan birini olu\u015fturarak, hassas \u00e7al\u0131\u015fmalar\u0131yla bilin\u00e7li bir hizmet vermektedir. ASBUZU T\u0130C. \u015eT\u0130. LTD. ; m\u00fc\u015fteri memnuniyetinin \u00f6neminin, hedefe ula\u015fma y\u00f6n\u00fcndeki en \u00f6nemli etken oldu\u011funun daima fark\u0131ndad\u0131r. <\/p>\n\n\n\n<p><br>       K.K.T.C.&#8217;nin t\u00fcm il ve il\u00e7elerinde olu\u015fturulmu\u015f \u015fube a\u011f\u0131yla, ba\u015fta demir ve demir d\u0131\u015f\u0131 metaller olmak \u00fczere, Al\u00fcminyum, Bak\u0131r, Krom, Sar\u0131, Kablo, Ak\u00fc hurdalar\u0131 toplama ve i\u015fleme hizmeti veren firmam\u0131z, kendi b\u00fcnyesindeki ihracat departman\u0131 ile ihracat alan\u0131nda da faaliyet g\u00f6stermektedir.<\/p>\n\n\n\n<p><br>                            2005 y\u0131l\u0131nda kurulmu\u015f olan \u015firketimiz her ge\u00e7en sene artan bir kapasiteyle hizmet etmektedir. \u015eu an ada genelinde ASBUZU GRUPLARI olarak 7 \u015fubesi bulunmakta olup yak\u0131nda 8. \u015eubeyi a\u00e7maya haz\u0131rlan\u0131yorlar. K.K.T.C. \u00e7ap\u0131ndaki \u015fubelerimizden ve m\u00fc\u015fterilerimizden gelen geri d\u00f6n\u00fc\u015f\u00fcml\u00fc malzemeler saham\u0131zda topland\u0131ktan sonra t\u00fcrlerine g\u00f6re ayr\u0131l\u0131p i\u015flenir ve tekrar ekonomiye kazand\u0131r\u0131l\u0131r.<\/p>\n\n\n\n<p><br>       K.K.T.C.&#8217;nin \u00f6nde gelen en iyi organize edilmi\u015f liman\u0131 olan Ma\u011fusa Liman\u0131&#8217;ndan yap\u0131lan<br>ihracat\u0131m\u0131z hem \u00fclke ekonomisi i\u00e7in hem de \u00e7evre i\u00e7in ayr\u0131 bir de\u011fer ta\u015f\u0131maktad\u0131r. <\/p>\n\n\n\n<p><\/p>\n","protected":false},"excerpt":{"rendered":"<p>ASBUZU T\u0130C. \u015eT\u0130. LTD. geri d\u00f6n\u00fc\u015ft\u00fcr\u00fclebilir metal ve metal d\u0131\u015f\u0131 bir \u00e7ok \u00fcr\u00fcn\u00fc K.K.T.C. ve d\u00fcnya pazar\u0131ndaki geri d\u00f6n\u00fc\u015f\u00fcm\u00fc sa\u011flamak \u00fczere ilk kurucusu ABBAS Altunta\u015f taraf\u0131ndan 01.01.2005 y\u0131l\u0131nda kurulmu\u015ftur. Daha sonra Y\u0131ld\u0131ray ALTUNTA\u015e, \u00dczeyir ALTUNTA\u015e, \u0130lker ALTUNTA\u015e ve Ayhan ALTUNTA\u015e karde\u015fler taraf\u0131ndan Aile \u015firketi olarak faaliyete ge\u00e7en ASBUZU T\u0130C. \u015eT\u0130. LTD. K.K.T.C.&#8217;de Haspolat San. B\u00f6l. &hellip; <\/p>\n<p class=\"link-more\"><a href=\"https:\/\/asbuzu.com\/tr\/about\/\" class=\"more-link\"><span class=\"screen-reader-text\"> &#8220;HAKKIMIZDA&#8221;<\/span>devam\u0131n\u0131 oku<\/a><\/p>\n","protected":false},"author":1,"featured_media":6724,"parent":0,"menu_order":0,"comment_status":"closed","ping_status":"closed","template":"","meta":{"footnotes":""},"class_list":["post-38","page","type-page","status-publish","has-post-thumbnail","hentry"],"_links":{"self":[{"href":"https:\/\/asbuzu.com\/tr\/wp-json\/wp\/v2\/pages\/38"}],"collection":[{"href":"https:\/\/asbuzu.com\/tr\/wp-json\/wp\/v2\/pages"}],"about":[{"href":"https:\/\/asbuzu.com\/tr\/wp-json\/wp\/v2\/types\/page"}],"author":[{"embeddable":true,"href":"https:\/\/asbuzu.com\/tr\/wp-json\/wp\/v2\/users\/1"}],"replies":[{"embeddable":true,"href":"https:\/\/asbuzu.com\/tr\/wp-json\/wp\/v2\/comments?post=38"}],"version-history":[{"count":22,"href":"https:\/\/asbuzu.com\/tr\/wp-json\/wp\/v2\/pages\/38\/revisions"}],"predecessor-version":[{"id":6914,"href":"https:\/\/asbuzu.com\/tr\/wp-json\/wp\/v2\/pages\/38\/revisions\/6914"}],"wp:featuredmedia":[{"embeddable":true,"href":"https:\/\/asbuzu.com\/tr\/wp-json\/wp\/v2\/media\/6724"}],"wp:attachment":[{"href":"https:\/\/asbuzu.com\/tr\/wp-json\/wp\/v2\/media?parent=38"}],"curies":[{"name":"wp","href":"https:\/\/api.w.org\/{rel}","templated":true}]}}